{"id":9153,"date":"2026-02-12T14:11:55","date_gmt":"2026-02-12T13:11:55","guid":{"rendered":"https:\/\/mgmaerzeg.lu\/?page_id=9153"},"modified":"2026-02-12T14:46:28","modified_gmt":"2026-02-12T13:46:28","slug":"allergenes","status":"publish","type":"page","link":"https:\/\/mgmaerzeg.lu\/?page_id=9153","title":{"rendered":"Allerg\u00e8nes"},"content":{"rendered":"\t\t<div data-elementor-type=\"wp-page\" data-elementor-id=\"9153\" class=\"elementor elementor-9153\">\n\t\t\t\t\t\t<section class=\"elementor-section elementor-top-section elementor-element elementor-element-c202be8 elementor-section-boxed elementor-section-height-default elementor-section-height-default\" data-id=\"c202be8\" data-element_type=\"section\" data-e-type=\"section\">\n\t\t\t\t\t\t<div class=\"elementor-container elementor-column-gap-default\">\n\t\t\t\t\t<div class=\"elementor-column elementor-col-100 elementor-top-column elementor-element elementor-element-e45356f\" data-id=\"e45356f\" data-element_type=\"column\" data-e-type=\"column\">\n\t\t\t<div class=\"elementor-widget-wrap elementor-element-populated\">\n\t\t\t\t\t\t<div class=\"elementor-element elementor-element-c0bfb4e elementor-widget elementor-widget-image\" data-id=\"c0bfb4e\" data-element_type=\"widget\" data-e-type=\"widget\" data-widget_type=\"image.default\">\n\t\t\t\t<div class=\"elementor-widget-container\">\n\t\t\t\t\t\t\t\t\t\t\t\t\t\t\t<img fetchpriority=\"high\" decoding=\"async\" data-attachment-id=\"9159\" data-permalink=\"https:\/\/mgmaerzeg.lu\/?attachment_id=9159\" data-orig-file=\"https:\/\/i0.wp.com\/mgmaerzeg.lu\/wp-content\/uploads\/2026\/02\/Allergenes-Marche-Gourmande-12-02-26-Kopie-scaled.jpg?fit=1696%2C2560&amp;ssl=1\" data-orig-size=\"1696,2560\" data-comments-opened=\"1\" data-image-meta=\"{&quot;aperture&quot;:&quot;0&quot;,&quot;credit&quot;:&quot;Axel Bouch\\u00e9&quot;,&quot;camera&quot;:&quot;&quot;,&quot;caption&quot;:&quot;&quot;,&quot;created_timestamp&quot;:&quot;0&quot;,&quot;copyright&quot;:&quot;&quot;,&quot;focal_length&quot;:&quot;0&quot;,&quot;iso&quot;:&quot;0&quot;,&quot;shutter_speed&quot;:&quot;0&quot;,&quot;title&quot;:&quot;Allerge\\u0300nes Marche Gourmande 12-02-26&quot;,&quot;orientation&quot;:&quot;1&quot;}\" data-image-title=\"Allerge\u0300nes Marche Gourmande 12-02-26\" data-image-description=\"\" data-image-caption=\"\" data-medium-file=\"https:\/\/i0.wp.com\/mgmaerzeg.lu\/wp-content\/uploads\/2026\/02\/Allergenes-Marche-Gourmande-12-02-26-Kopie-scaled.jpg?fit=199%2C300&amp;ssl=1\" data-large-file=\"https:\/\/i0.wp.com\/mgmaerzeg.lu\/wp-content\/uploads\/2026\/02\/Allergenes-Marche-Gourmande-12-02-26-Kopie-scaled.jpg?fit=678%2C1024&amp;ssl=1\" width=\"678\" height=\"1024\" src=\"https:\/\/i0.wp.com\/mgmaerzeg.lu\/wp-content\/uploads\/2026\/02\/Allergenes-Marche-Gourmande-12-02-26-Kopie-scaled.jpg?fit=678%2C1024&amp;ssl=1\" class=\"attachment-large size-large wp-image-9159\" alt=\"\" srcset=\"https:\/\/i0.wp.com\/mgmaerzeg.lu\/wp-content\/uploads\/2026\/02\/Allergenes-Marche-Gourmande-12-02-26-Kopie-scaled.jpg?w=1696&amp;ssl=1 1696w, https:\/\/i0.wp.com\/mgmaerzeg.lu\/wp-content\/uploads\/2026\/02\/Allergenes-Marche-Gourmande-12-02-26-Kopie-scaled.jpg?resize=199%2C300&amp;ssl=1 199w, https:\/\/i0.wp.com\/mgmaerzeg.lu\/wp-content\/uploads\/2026\/02\/Allergenes-Marche-Gourmande-12-02-26-Kopie-scaled.jpg?resize=678%2C1024&amp;ssl=1 678w, https:\/\/i0.wp.com\/mgmaerzeg.lu\/wp-content\/uploads\/2026\/02\/Allergenes-Marche-Gourmande-12-02-26-Kopie-scaled.jpg?resize=768%2C1159&amp;ssl=1 768w, https:\/\/i0.wp.com\/mgmaerzeg.lu\/wp-content\/uploads\/2026\/02\/Allergenes-Marche-Gourmande-12-02-26-Kopie-scaled.jpg?resize=1018%2C1536&amp;ssl=1 1018w, https:\/\/i0.wp.com\/mgmaerzeg.lu\/wp-content\/uploads\/2026\/02\/Allergenes-Marche-Gourmande-12-02-26-Kopie-scaled.jpg?resize=1357%2C2048&amp;ssl=1 1357w\" sizes=\"(max-width: 678px) 100vw, 678px\" data-attachment-id=\"9159\" data-permalink=\"https:\/\/mgmaerzeg.lu\/?attachment_id=9159\" data-orig-file=\"https:\/\/i0.wp.com\/mgmaerzeg.lu\/wp-content\/uploads\/2026\/02\/Allergenes-Marche-Gourmande-12-02-26-Kopie-scaled.jpg?fit=1696%2C2560&amp;ssl=1\" data-orig-size=\"1696,2560\" data-comments-opened=\"1\" data-image-meta=\"{&quot;aperture&quot;:&quot;0&quot;,&quot;credit&quot;:&quot;Axel Bouch\\u00e9&quot;,&quot;camera&quot;:&quot;&quot;,&quot;caption&quot;:&quot;&quot;,&quot;created_timestamp&quot;:&quot;0&quot;,&quot;copyright&quot;:&quot;&quot;,&quot;focal_length&quot;:&quot;0&quot;,&quot;iso&quot;:&quot;0&quot;,&quot;shutter_speed&quot;:&quot;0&quot;,&quot;title&quot;:&quot;Allerge\\u0300nes Marche Gourmande 12-02-26&quot;,&quot;orientation&quot;:&quot;1&quot;}\" data-image-title=\"Allerge\u0300nes Marche Gourmande 12-02-26\" data-image-description=\"\" data-image-caption=\"\" data-medium-file=\"https:\/\/i0.wp.com\/mgmaerzeg.lu\/wp-content\/uploads\/2026\/02\/Allergenes-Marche-Gourmande-12-02-26-Kopie-scaled.jpg?fit=199%2C300&amp;ssl=1\" data-large-file=\"https:\/\/i0.wp.com\/mgmaerzeg.lu\/wp-content\/uploads\/2026\/02\/Allergenes-Marche-Gourmande-12-02-26-Kopie-scaled.jpg?fit=678%2C1024&amp;ssl=1\" \/>\t\t\t\t\t\t\t\t\t\t\t\t\t\t\t<\/div>\n\t\t\t\t<\/div>\n\t\t\t\t\t<\/div>\n\t\t<\/div>\n\t\t\t\t\t<\/div>\n\t\t<\/section>\n\t\t\t\t<\/div>\n\t\t","protected":false},"excerpt":{"rendered":"","protected":false},"author":1,"featured_media":0,"parent":0,"menu_order":0,"comment_status":"closed","ping_status":"closed","template":"elementor_header_footer","meta":{"jetpack_post_was_ever_published":false,"footnotes":""},"class_list":["post-9153","page","type-page","status-publish","hentry"],"jetpack_sharing_enabled":true,"jetpack_shortlink":"https:\/\/wp.me\/PaHBXB-2nD","jetpack-related-posts":[{"id":2153,"url":"https:\/\/mgmaerzeg.lu\/?page_id=2153","url_meta":{"origin":9153,"position":0},"title":"MENU","author":"admin3080","date":"11 February 2019","format":false,"excerpt":"Men\u00fc 2026 1. EtappKaffi\u00a0mat\u00a0enger\u00a0Auswiel\u00a0u\u00a0KaffiskichelcherCaf\u00e9 et assortiment de mini-viennoiseries2. EtappWuerzelzopp an e Glas RieslingVelout\u00e9 de carotte aux agrumes avec un verre de Riesling3. EtappEng Auswiel vu allerlee Charcuterie an e Glas Ros\u00e9Assiette de charcuterie et un verre de Ros\u00e9Jambon de la vall\u00e9e de l'Eisch, Jambon fermier, Salami, P\u00e2t\u00e9 au Riesling, Lyoner,\u2026","rel":"","context":"Similar post","block_context":{"text":"Similar post","link":""},"img":{"alt_text":"","src":"https:\/\/i0.wp.com\/mgmaerzeg.lu\/wp-content\/uploads\/2019\/02\/Kirsch-1-730x1024.png?resize=350%2C200&ssl=1","width":350,"height":200,"srcset":"https:\/\/i0.wp.com\/mgmaerzeg.lu\/wp-content\/uploads\/2019\/02\/Kirsch-1-730x1024.png?resize=350%2C200&ssl=1 1x, https:\/\/i0.wp.com\/mgmaerzeg.lu\/wp-content\/uploads\/2019\/02\/Kirsch-1-730x1024.png?resize=525%2C300&ssl=1 1.5x, https:\/\/i0.wp.com\/mgmaerzeg.lu\/wp-content\/uploads\/2019\/02\/Kirsch-1-730x1024.png?resize=700%2C400&ssl=1 2x"},"classes":[]}],"_links":{"self":[{"href":"https:\/\/mgmaerzeg.lu\/index.php?rest_route=\/wp\/v2\/pages\/9153","targetHints":{"allow":["GET"]}}],"collection":[{"href":"https:\/\/mgmaerzeg.lu\/index.php?rest_route=\/wp\/v2\/pages"}],"about":[{"href":"https:\/\/mgmaerzeg.lu\/index.php?rest_route=\/wp\/v2\/types\/page"}],"author":[{"embeddable":true,"href":"https:\/\/mgmaerzeg.lu\/index.php?rest_route=\/wp\/v2\/users\/1"}],"replies":[{"embeddable":true,"href":"https:\/\/mgmaerzeg.lu\/index.php?rest_route=%2Fwp%2Fv2%2Fcomments&post=9153"}],"version-history":[{"count":5,"href":"https:\/\/mgmaerzeg.lu\/index.php?rest_route=\/wp\/v2\/pages\/9153\/revisions"}],"predecessor-version":[{"id":9163,"href":"https:\/\/mgmaerzeg.lu\/index.php?rest_route=\/wp\/v2\/pages\/9153\/revisions\/9163"}],"wp:attachment":[{"href":"https:\/\/mgmaerzeg.lu\/index.php?rest_route=%2Fwp%2Fv2%2Fmedia&parent=9153"}],"curies":[{"name":"wp","href":"https:\/\/api.w.org\/{rel}","templated":true}]}}